{"id":1619,"date":"2022-05-04T19:57:27","date_gmt":"2022-05-04T11:57:27","guid":{"rendered":"http:\/\/anda.be.omyds.com\/?page_id=1619"},"modified":"2023-12-13T19:13:57","modified_gmt":"2023-12-13T11:13:57","slug":"german","status":"publish","type":"page","link":"https:\/\/www.anda.be\/index.php\/german\/","title":{"rendered":"German"},"content":{"rendered":"\n<figure class=\"wp-block-image size-large\"><img loading=\"lazy\" width=\"1024\" height=\"217\" src=\"https:\/\/www.anda.be\/wp-content\/uploads\/2023\/12\/Ganse-Logo-Pre-3D-New-Without-backgrond-7-1024x217.jpg\" alt=\"\" class=\"wp-image-3528\" srcset=\"https:\/\/www.anda.be\/wp-content\/uploads\/2023\/12\/Ganse-Logo-Pre-3D-New-Without-backgrond-7-1024x217.jpg 1024w, https:\/\/www.anda.be\/wp-content\/uploads\/2023\/12\/Ganse-Logo-Pre-3D-New-Without-backgrond-7-300x64.jpg 300w, https:\/\/www.anda.be\/wp-content\/uploads\/2023\/12\/Ganse-Logo-Pre-3D-New-Without-backgrond-7-768x163.jpg 768w, https:\/\/www.anda.be\/wp-content\/uploads\/2023\/12\/Ganse-Logo-Pre-3D-New-Without-backgrond-7.jpg 1498w\" sizes=\"(max-width: 1024px) 100vw, 1024px\" \/><\/figure>\n\n\n\n<p class=\"has-vivid-cyan-blue-color has-text-color has-x-large-font-size\"><strong>\u00dcber uns:<\/strong><strong><\/strong><\/p>\n\n\n\n<p><strong>Wir haben mehr als 50 Jahre Erfahrung in der Konstruktion und im Bau von Maschinen. Aufgrund der neuesten Entwicklungen in der Welt und der Ankunft eines perfekten Partners aus Asien haben wir uns mehr auf die Lieferung von Maschinenteilen konzentriert, von denen Sie ein umfangreiches Sortiment auf unserer Website finden.<\/strong><strong><\/strong><\/p>\n\n\n\n<p><strong>Den gr\u00f6\u00dften Unterschied machen wir bei Teilen, die viel Arbeit erfordern, relativ wenig wiegen und trotzdem schnell geliefert werden m\u00fcssen. Wir bekommen alles per Luftfracht, aber die schweren Teile kommen per Schiff.<\/strong><strong><\/strong><\/p>\n\n\n\n<p><strong>Das verl\u00e4ngert nat\u00fcrlich die Lieferzeit.<\/strong><strong><\/strong><\/p>\n\n\n\n<p><strong>Nicht alles kommt aus Asien. Es gibt immer noch viele Teile, die in Europa und anderswo auf der Welt hergestellt werden.<\/strong><strong><\/strong><\/p>\n\n\n\n<p><strong><strong><strong><strong>Haben wir uns von Maschinenbau, Konstruktion, Blech etc. verabschiedet? F\u00fcr gro\u00dfe Maschinenbaukonstruktionen gibt es keine Optionen mehr, aber wir konstruieren immer noch Maschinen. Im Unternehmensfilm des Partners schie\u00dft regelm\u00e4\u00dfig ein Drehtisch&nbsp;mit unserem Drehtisch-Design durch die Leinwand. Es wurde auch komplett dort gebaut und in Belgien zusammengebaut. Wenn es nicht um Konstruktionen von mehreren 1000 Kilogramm zusammen mit Blech geht, ist das immer noch willkommen. Genauso, wie wir es fr\u00fcher alle angeboten haben, aber jetzt in kleineren Mengen.<\/strong><\/strong><\/strong><\/strong><\/p>\n\n\n\n<p><strong>Wir k\u00f6nnen alles einzeln und in Serie anbieten. Prototypen sind eine regelm\u00e4\u00dfige Nachfrage. Wir k\u00f6nnen Sie nur \u00fcberzeugen, wenn Sie uns die Chance geben, es zu beweisen. Schicken Sie uns einige Zeichnungen Ihrer teuren Teile, Sie werden staunen!<\/strong><strong><\/strong><\/p>\n\n\n\n<p><strong>Anda Machinebouw bv<\/strong><\/p>\n\n\n\n<p>Driesstraat &nbsp;&nbsp;44<\/p>\n\n\n\n<p>3550 Heusden-Zolder<\/p>\n\n\n\n<p>Limburg Belgium<\/p>\n\n\n\n<p>Tel.: +32 (0) 11 53 64 64<\/p>\n\n\n\n<p>VAT: BE 0478 331 447<\/p>\n\n\n\n<p><a href=\"mailto:info@anda.be\"><u>info@anda.be<\/u><\/a><\/p>\n\n\n\n<p><a href=\"mailto:anda@skynet.be\"><u>anda@skynet.be<\/u><\/a><\/p>\n\n\n\n<p><a href=\"https:\/\/www.anda.be\"><u>www.anda.be<\/u><\/a><\/p>\n","protected":false},"excerpt":{"rendered":"<p>\u00dcber uns: Wir haben mehr als 50 Jahre Erfahrung in der Konstruktion und im Bau von Maschinen. Aufgrund der neuesten Entwicklungen in der Welt und<\/p>\n","protected":false},"author":3,"featured_media":0,"parent":0,"menu_order":0,"comment_status":"closed","ping_status":"closed","template":"","meta":[],"_links":{"self":[{"href":"https:\/\/www.anda.be\/index.php\/wp-json\/wp\/v2\/pages\/1619"}],"collection":[{"href":"https:\/\/www.anda.be\/index.php\/wp-json\/wp\/v2\/pages"}],"about":[{"href":"https:\/\/www.anda.be\/index.php\/wp-json\/wp\/v2\/types\/page"}],"author":[{"embeddable":true,"href":"https:\/\/www.anda.be\/index.php\/wp-json\/wp\/v2\/users\/3"}],"replies":[{"embeddable":true,"href":"https:\/\/www.anda.be\/index.php\/wp-json\/wp\/v2\/comments?post=1619"}],"version-history":[{"count":9,"href":"https:\/\/www.anda.be\/index.php\/wp-json\/wp\/v2\/pages\/1619\/revisions"}],"predecessor-version":[{"id":3529,"href":"https:\/\/www.anda.be\/index.php\/wp-json\/wp\/v2\/pages\/1619\/revisions\/3529"}],"wp:attachment":[{"href":"https:\/\/www.anda.be\/index.php\/wp-json\/wp\/v2\/media?parent=1619"}],"curies":[{"name":"wp","href":"https:\/\/api.w.org\/{rel}","templated":true}]}}