{"id":1716,"date":"2022-05-11T13:13:51","date_gmt":"2022-05-11T05:13:51","guid":{"rendered":"https:\/\/www.anda.be\/?page_id=1716"},"modified":"2023-12-13T19:12:43","modified_gmt":"2023-12-13T11:12:43","slug":"info","status":"publish","type":"page","link":"https:\/\/www.anda.be\/index.php\/french\/info\/","title":{"rendered":"Info"},"content":{"rendered":"\n<figure class=\"wp-block-image size-large\"><img loading=\"lazy\" width=\"1024\" height=\"217\" src=\"https:\/\/www.anda.be\/wp-content\/uploads\/2023\/12\/Ganse-Logo-Pre-3D-New-Without-backgrond-5-1024x217.jpg\" alt=\"\" class=\"wp-image-3524\" srcset=\"https:\/\/www.anda.be\/wp-content\/uploads\/2023\/12\/Ganse-Logo-Pre-3D-New-Without-backgrond-5-1024x217.jpg 1024w, https:\/\/www.anda.be\/wp-content\/uploads\/2023\/12\/Ganse-Logo-Pre-3D-New-Without-backgrond-5-300x64.jpg 300w, https:\/\/www.anda.be\/wp-content\/uploads\/2023\/12\/Ganse-Logo-Pre-3D-New-Without-backgrond-5-768x163.jpg 768w, https:\/\/www.anda.be\/wp-content\/uploads\/2023\/12\/Ganse-Logo-Pre-3D-New-Without-backgrond-5.jpg 1498w\" sizes=\"(max-width: 1024px) 100vw, 1024px\" \/><\/figure>\n\n\n\n<p class=\"has-vivid-cyan-blue-color has-text-color has-x-large-font-size\"><strong>\u00c0 propos de nous:<\/strong><strong><\/strong><\/p>\n\n\n\n<p><strong>Nous avons plus de 50 ans d&#8217;exp\u00e9rience dans la conception et la construction de machines. En raison des derniers d\u00e9veloppements dans le monde et de l&#8217;arriv\u00e9e d&#8217;un partenaire id\u00e9al d&#8217;Asie, nous nous sommes davantage concentr\u00e9s sur la fourniture de pi\u00e8ces de machines, dont vous pouvez trouver une vaste gamme sur notre site.<\/strong><strong><\/strong><\/p>\n\n\n\n<p><strong>Nous faisons la plus grande diff\u00e9rence dans les pi\u00e8ces qui n\u00e9cessitent beaucoup de travail et qui p\u00e8sent relativement peu et qui doivent pourtant \u00eatre livr\u00e9es rapidement. Nous recevons tout par fret a\u00e9rien, mais les pi\u00e8ces lourdes arrivent par bateau.<\/strong><strong><\/strong><\/p>\n\n\n\n<p><strong>Bien s\u00fbr, cela rallonge le d\u00e9lai de livraison.<\/strong><strong><\/strong><\/p>\n\n\n\n<p><strong>Tout ne vient pas d&#8217;Asie. Il y a encore plein de pi\u00e8ces qui sont fabriqu\u00e9es en Europe et ailleurs dans le monde.<\/strong><strong><\/strong><\/p>\n\n\n\n<p><strong><strong>Avons-nous dit adieu \u00e0 la m\u00e9canique, \u00e0 la construction, \u00e0 la t\u00f4lerie, etc. ? Il n&#8217;y a plus d&#8217;options pour les grandes conceptions de construction de machines, mais nous concevons toujours des machines. Dans le film d&#8217;entreprise du partenaire, vous pouvez voir une plaque tournante&nbsp;avec notre conception &nbsp;r\u00e9guli\u00e8rement \u00e0 travers l&#8217;\u00e9cran. Il y a \u00e9galement \u00e9t\u00e9 enti\u00e8rement construit et assembl\u00e9 en Belgique. S&#8217;il ne s&#8217;agit pas de constructions de plusieurs milliers de kilogrammes, la t\u00f4le est toujours la bienvenue. Tout comme ce que nous avions tous l&#8217;habitude d&#8217;offrir, mais maintenant en plus petites quantit\u00e9s.<\/strong><\/strong><\/p>\n\n\n\n<p><strong>Nous pouvons tout proposer \u00e0 la pi\u00e8ce et en s\u00e9rie. Les prototypes sont une demande r\u00e9guli\u00e8re. Nous ne pouvons vous convaincre que si vous nous donnez une chance de le prouver. Envoyez-nous quelques dessins de vos pi\u00e8ces ch\u00e8res, vous serez \u00e9tonn\u00e9s !<\/strong><strong><\/strong><\/p>\n\n\n\n<p><strong>Anda Machinebouw bv<\/strong><\/p>\n\n\n\n<p>Driesstraat &nbsp;&nbsp;44<\/p>\n\n\n\n<p>3550 Heusden-Zolder<\/p>\n\n\n\n<p>Limburg Belgium<\/p>\n\n\n\n<p>Tel.: +32 (0) 11 53 64 64<\/p>\n\n\n\n<p>VAT: BE 0478 331 447<\/p>\n\n\n\n<p><a href=\"mailto:info@anda.be\"><u>info@anda.be<\/u><\/a><\/p>\n\n\n\n<p><a href=\"mailto:anda@skynet.be\"><u>anda@skynet.be<\/u><\/a><\/p>\n\n\n\n<p><a href=\"https:\/\/www.anda.be\"><u>www.anda.be<\/u><\/a><\/p>\n","protected":false},"excerpt":{"rendered":"<p>\u00c0 propos de nous: Nous avons plus de 50 ans d&#8217;exp\u00e9rience dans la conception et la construction de machines. En raison des derniers d\u00e9veloppements dans<\/p>\n","protected":false},"author":3,"featured_media":0,"parent":1606,"menu_order":1,"comment_status":"closed","ping_status":"closed","template":"","meta":[],"_links":{"self":[{"href":"https:\/\/www.anda.be\/index.php\/wp-json\/wp\/v2\/pages\/1716"}],"collection":[{"href":"https:\/\/www.anda.be\/index.php\/wp-json\/wp\/v2\/pages"}],"about":[{"href":"https:\/\/www.anda.be\/index.php\/wp-json\/wp\/v2\/types\/page"}],"author":[{"embeddable":true,"href":"https:\/\/www.anda.be\/index.php\/wp-json\/wp\/v2\/users\/3"}],"replies":[{"embeddable":true,"href":"https:\/\/www.anda.be\/index.php\/wp-json\/wp\/v2\/comments?post=1716"}],"version-history":[{"count":8,"href":"https:\/\/www.anda.be\/index.php\/wp-json\/wp\/v2\/pages\/1716\/revisions"}],"predecessor-version":[{"id":3525,"href":"https:\/\/www.anda.be\/index.php\/wp-json\/wp\/v2\/pages\/1716\/revisions\/3525"}],"up":[{"embeddable":true,"href":"https:\/\/www.anda.be\/index.php\/wp-json\/wp\/v2\/pages\/1606"}],"wp:attachment":[{"href":"https:\/\/www.anda.be\/index.php\/wp-json\/wp\/v2\/media?parent=1716"}],"curies":[{"name":"wp","href":"https:\/\/api.w.org\/{rel}","templated":true}]}}