{"id":1726,"date":"2022-05-11T13:27:09","date_gmt":"2022-05-11T05:27:09","guid":{"rendered":"https:\/\/www.anda.be\/?page_id=1726"},"modified":"2022-06-20T12:41:50","modified_gmt":"2022-06-20T04:41:50","slug":"moulages-selon-differents-procedes-egalement-la-methode-de-la-cire-perdue-moulage-par-injection-plastique","status":"publish","type":"page","link":"https:\/\/www.anda.be\/index.php\/french\/moulages-selon-differents-procedes-egalement-la-methode-de-la-cire-perdue-moulage-par-injection-plastique\/","title":{"rendered":"Pi\u00e8ces Moul\u00e9es en Acier\/ Moulage par Injection Plastique"},"content":{"rendered":"\n<p class=\"has-medium-font-size\">Moulages selon diff\u00e9rents proc\u00e9d\u00e9s \u00e9galement la m\u00e9thode de la cire perdue Moulage par injection plastique<\/p>\n\n\n\n<figure class=\"wp-block-video\"><video controls src=\"https:\/\/www.anda.be\/wp-content\/uploads\/2022\/05\/3F-Castings-Plastics-Injection-Molding.mp4\"><\/video><figcaption>3F &#8211; Castings Plastics Injection Molding<\/figcaption><\/figure>\n","protected":false},"excerpt":{"rendered":"<p>Moulages selon diff\u00e9rents proc\u00e9d\u00e9s \u00e9galement la m\u00e9thode de la cire perdue Moulage par injection plastique<\/p>\n","protected":false},"author":3,"featured_media":0,"parent":1606,"menu_order":6,"comment_status":"closed","ping_status":"closed","template":"","meta":[],"_links":{"self":[{"href":"https:\/\/www.anda.be\/index.php\/wp-json\/wp\/v2\/pages\/1726"}],"collection":[{"href":"https:\/\/www.anda.be\/index.php\/wp-json\/wp\/v2\/pages"}],"about":[{"href":"https:\/\/www.anda.be\/index.php\/wp-json\/wp\/v2\/types\/page"}],"author":[{"embeddable":true,"href":"https:\/\/www.anda.be\/index.php\/wp-json\/wp\/v2\/users\/3"}],"replies":[{"embeddable":true,"href":"https:\/\/www.anda.be\/index.php\/wp-json\/wp\/v2\/comments?post=1726"}],"version-history":[{"count":8,"href":"https:\/\/www.anda.be\/index.php\/wp-json\/wp\/v2\/pages\/1726\/revisions"}],"predecessor-version":[{"id":2205,"href":"https:\/\/www.anda.be\/index.php\/wp-json\/wp\/v2\/pages\/1726\/revisions\/2205"}],"up":[{"embeddable":true,"href":"https:\/\/www.anda.be\/index.php\/wp-json\/wp\/v2\/pages\/1606"}],"wp:attachment":[{"href":"https:\/\/www.anda.be\/index.php\/wp-json\/wp\/v2\/media?parent=1726"}],"curies":[{"name":"wp","href":"https:\/\/api.w.org\/{rel}","templated":true}]}}