{"id":1793,"date":"2022-05-11T17:30:39","date_gmt":"2022-05-11T09:30:39","guid":{"rendered":"https:\/\/www.anda.be\/?page_id=1793"},"modified":"2023-12-13T19:19:50","modified_gmt":"2023-12-13T11:19:50","slug":"informacion","status":"publish","type":"page","link":"https:\/\/www.anda.be\/index.php\/spanish\/informacion\/","title":{"rendered":"Informaci\u00f3n"},"content":{"rendered":"\n<figure class=\"wp-block-image size-large\"><img loading=\"lazy\" width=\"1024\" height=\"217\" src=\"https:\/\/www.anda.be\/wp-content\/uploads\/2023\/12\/Ganse-Logo-Pre-3D-New-Without-backgrond-17-1024x217.jpg\" alt=\"\" class=\"wp-image-3548\" srcset=\"https:\/\/www.anda.be\/wp-content\/uploads\/2023\/12\/Ganse-Logo-Pre-3D-New-Without-backgrond-17-1024x217.jpg 1024w, https:\/\/www.anda.be\/wp-content\/uploads\/2023\/12\/Ganse-Logo-Pre-3D-New-Without-backgrond-17-300x64.jpg 300w, https:\/\/www.anda.be\/wp-content\/uploads\/2023\/12\/Ganse-Logo-Pre-3D-New-Without-backgrond-17-768x163.jpg 768w, https:\/\/www.anda.be\/wp-content\/uploads\/2023\/12\/Ganse-Logo-Pre-3D-New-Without-backgrond-17.jpg 1498w\" sizes=\"(max-width: 1024px) 100vw, 1024px\" \/><\/figure>\n\n\n\n<p class=\"has-vivid-cyan-blue-color has-text-color has-x-large-font-size\"><strong>Sobre nosotros:<\/strong><strong><\/strong><\/p>\n\n\n\n<p><strong>Tenemos m\u00e1s de 50 a\u00f1os de experiencia en el dise\u00f1o y construcci\u00f3n de m\u00e1quinas. Debido a los \u00faltimos desarrollos en el mundo y la llegada de un socio perfecto de Asia, nos hemos centrado m\u00e1s en el suministro de piezas de m\u00e1quinas, de las cuales puede encontrar una amplia gama en nuestro sitio.<\/strong><strong><\/strong><\/p>\n\n\n\n<p><strong>Marcamos la mayor diferencia en piezas que requieren mucho trabajo y que pesan relativamente poco y, sin embargo, deben entregarse r\u00e1pidamente. <\/strong><strong>Todo lo recibimos por v\u00eda a\u00e9rea, pero las piezas pesadas llegan por barco.<\/strong><strong><\/strong><\/p>\n\n\n\n<p><strong>Por supuesto, eso hace que el tiempo de entrega sea m\u00e1s largo.<\/strong><strong><\/strong><\/p>\n\n\n\n<p><strong>No todo viene de Asia. <\/strong><strong>Todav\u00eda hay muchas piezas que se fabrican en Europa y en otras partes del mundo.<\/strong><strong><\/strong><\/p>\n\n\n\n<p><strong>\u00bfHemos dicho adi\u00f3s a la ingenier\u00eda mec\u00e1nica, la construcci\u00f3n, la chapa, etc.? No hay m\u00e1s opciones para dise\u00f1os de construcci\u00f3n de m\u00e1quinas grandes, pero seguimos dise\u00f1ando m\u00e1quinas. En la pel\u00edcula corporativa del socio, puede ver un tocadiscos con nuestro dise\u00f1o filmando regularmente a trav\u00e9s de la pantalla. Tambi\u00e9n se construy\u00f3 completamente all\u00ed y se arm\u00f3 en B\u00e9lgica. Si no se trata de construcciones de varios 1000 kilogramos junto con chapa es igualmente bienvenida. Justo como lo que todos sol\u00edamos ofrecer, pero ahora en cantidades m\u00e1s peque\u00f1as.<\/strong><\/p>\n\n\n\n<p><strong>Podemos ofrecer todo por pieza y en serie. Los prototipos son una demanda regular. Solo podemos convencerte si nos das la oportunidad de demostrarlo. Env\u00edanos algunos dibujos de tus costosas piezas \u00a1Te sorprender\u00e1s!<\/strong><strong><\/strong><\/p>\n\n\n\n<p><strong>Anda Machinebouw bv<\/strong><\/p>\n\n\n\n<p>Driesstraat &nbsp;&nbsp;44<\/p>\n\n\n\n<p>3550 Heusden-Zolder<\/p>\n\n\n\n<p>Limburg Belgium<\/p>\n\n\n\n<p>Tel.: +32 (0) 11 53 64 64<\/p>\n\n\n\n<p>VAT: BE 0478 331 447<\/p>\n\n\n\n<p><a href=\"mailto:info@anda.be\"><u>info@anda.be<\/u><\/a><\/p>\n\n\n\n<p><a href=\"mailto:anda@skynet.be\"><u>anda@skynet.be<\/u><\/a><\/p>\n\n\n\n<p><a href=\"https:\/\/www.anda.be\"><u>www.anda.be<\/u><\/a><\/p>\n","protected":false},"excerpt":{"rendered":"<p>Sobre nosotros: Tenemos m\u00e1s de 50 a\u00f1os de experiencia en el dise\u00f1o y construcci\u00f3n de m\u00e1quinas. Debido a los \u00faltimos desarrollos en el mundo y<\/p>\n","protected":false},"author":3,"featured_media":0,"parent":1625,"menu_order":1,"comment_status":"closed","ping_status":"closed","template":"","meta":[],"_links":{"self":[{"href":"https:\/\/www.anda.be\/index.php\/wp-json\/wp\/v2\/pages\/1793"}],"collection":[{"href":"https:\/\/www.anda.be\/index.php\/wp-json\/wp\/v2\/pages"}],"about":[{"href":"https:\/\/www.anda.be\/index.php\/wp-json\/wp\/v2\/types\/page"}],"author":[{"embeddable":true,"href":"https:\/\/www.anda.be\/index.php\/wp-json\/wp\/v2\/users\/3"}],"replies":[{"embeddable":true,"href":"https:\/\/www.anda.be\/index.php\/wp-json\/wp\/v2\/comments?post=1793"}],"version-history":[{"count":6,"href":"https:\/\/www.anda.be\/index.php\/wp-json\/wp\/v2\/pages\/1793\/revisions"}],"predecessor-version":[{"id":3549,"href":"https:\/\/www.anda.be\/index.php\/wp-json\/wp\/v2\/pages\/1793\/revisions\/3549"}],"up":[{"embeddable":true,"href":"https:\/\/www.anda.be\/index.php\/wp-json\/wp\/v2\/pages\/1625"}],"wp:attachment":[{"href":"https:\/\/www.anda.be\/index.php\/wp-json\/wp\/v2\/media?parent=1793"}],"curies":[{"name":"wp","href":"https:\/\/api.w.org\/{rel}","templated":true}]}}