{"id":1803,"date":"2022-05-11T17:33:18","date_gmt":"2022-05-11T09:33:18","guid":{"rendered":"https:\/\/www.anda.be\/?page_id=1803"},"modified":"2022-06-20T12:45:32","modified_gmt":"2022-06-20T04:45:32","slug":"fundicion-segun-diferentes-procesos-tambien-el-metodo-de-la-cera-perdida-moldeo-por-inyeccion-de-plastico","status":"publish","type":"page","link":"https:\/\/www.anda.be\/index.php\/spanish\/fundicion-segun-diferentes-procesos-tambien-el-metodo-de-la-cera-perdida-moldeo-por-inyeccion-de-plastico\/","title":{"rendered":"Fundici\u00f3n de acero\/moldeo por inyecci\u00f3n de pl\u00e1stico"},"content":{"rendered":"\n<p class=\"has-medium-font-size\">Fundici\u00f3n seg\u00fan diferentes procesos tambi\u00e9n el m\u00e9todo de la cera perdida Moldeo por inyecci\u00f3n de pl\u00e1stico<\/p>\n\n\n\n<figure class=\"wp-block-video\"><video controls src=\"https:\/\/www.anda.be\/wp-content\/uploads\/2022\/05\/3F-Castings-Plastics-Injection-Molding.mp4\"><\/video><\/figure>\n","protected":false},"excerpt":{"rendered":"<p>Fundici\u00f3n seg\u00fan diferentes procesos tambi\u00e9n el m\u00e9todo de la cera perdida Moldeo por inyecci\u00f3n de pl\u00e1stico<\/p>\n","protected":false},"author":3,"featured_media":0,"parent":1625,"menu_order":6,"comment_status":"closed","ping_status":"closed","template":"","meta":[],"_links":{"self":[{"href":"https:\/\/www.anda.be\/index.php\/wp-json\/wp\/v2\/pages\/1803"}],"collection":[{"href":"https:\/\/www.anda.be\/index.php\/wp-json\/wp\/v2\/pages"}],"about":[{"href":"https:\/\/www.anda.be\/index.php\/wp-json\/wp\/v2\/types\/page"}],"author":[{"embeddable":true,"href":"https:\/\/www.anda.be\/index.php\/wp-json\/wp\/v2\/users\/3"}],"replies":[{"embeddable":true,"href":"https:\/\/www.anda.be\/index.php\/wp-json\/wp\/v2\/comments?post=1803"}],"version-history":[{"count":5,"href":"https:\/\/www.anda.be\/index.php\/wp-json\/wp\/v2\/pages\/1803\/revisions"}],"predecessor-version":[{"id":2209,"href":"https:\/\/www.anda.be\/index.php\/wp-json\/wp\/v2\/pages\/1803\/revisions\/2209"}],"up":[{"embeddable":true,"href":"https:\/\/www.anda.be\/index.php\/wp-json\/wp\/v2\/pages\/1625"}],"wp:attachment":[{"href":"https:\/\/www.anda.be\/index.php\/wp-json\/wp\/v2\/media?parent=1803"}],"curies":[{"name":"wp","href":"https:\/\/api.w.org\/{rel}","templated":true}]}}